{"id":291,"date":"2022-08-18T15:26:16","date_gmt":"2022-08-18T15:26:16","guid":{"rendered":"https:\/\/tiberiosuppressa.net\/?page_id=291"},"modified":"2022-08-18T15:28:19","modified_gmt":"2022-08-18T15:28:19","slug":"evergreen-building","status":"publish","type":"page","link":"https:\/\/tiberiosuppressa.net\/index.php\/evergreen-building\/","title":{"rendered":"Evergreen Building"},"content":{"rendered":"<style>#kt-layout-id_225881-63 > .kt-row-column-wrap{align-content:start;}:where(#kt-layout-id_225881-63 > .kt-row-column-wrap) > .wp-block-kadence-column{justify-content:start;}#kt-layout-id_225881-63 > .kt-row-column-wrap{column-gap:var(--global-kb-gap-md, 2rem);row-gap:var(--global-kb-gap-md, 2rem);padding-top:var( --global-kb-row-default-top, 25px );padding-bottom:var( --global-kb-row-default-bottom, 25px );padding-top:var(--global-kb-spacing-sm, 1.5rem);padding-bottom:var(--global-kb-spacing-sm, 1.5rem);grid-template-columns:minmax(0, calc(65% - ((var(--global-kb-gap-md, 2rem) * 1 )\/2)))minmax(0, calc(35% - ((var(--global-kb-gap-md, 2rem) * 1 )\/2)));}#kt-layout-id_225881-63 > .kt-row-layout-overlay{opacity:0.30;}@media all and (max-width: 1024px){#kt-layout-id_225881-63 > .kt-row-column-wrap{grid-template-columns:repeat(2, minmax(0, 1fr));}}@media all and (max-width: 767px){#kt-layout-id_225881-63 > .kt-row-column-wrap{grid-template-columns:minmax(0, 1fr);}}<\/style>\n<div class=\"wp-block-kadence-rowlayout alignnone\"><div id=\"kt-layout-id_225881-63\" class=\"kt-row-layout-inner kt-layout-id_225881-63\"><div class=\"kt-row-column-wrap kt-has-2-columns kt-gutter-default kt-v-gutter-default kt-row-valign-top kt-row-layout-equal kt-tab-layout-inherit kt-m-colapse-left-to-right kt-mobile-layout-row  kt-custom-first-width-65  kt-custom-second-width-35\"><style>.kadence-column_8d7def-22 > .kt-inside-inner-col{border-top-width:0px;border-right-width:0px;border-bottom-width:0px;border-left-width:0px;}.kadence-column_8d7def-22 > .kt-inside-inner-col,.kadence-column_8d7def-22 > .kt-inside-inner-col:before{border-top-left-radius:0px;border-top-right-radius:0px;border-bottom-right-radius:0px;border-bottom-left-radius:0px;}.kadence-column_8d7def-22 > .kt-inside-inner-col{column-gap:var(--global-kb-gap-sm, 1rem);}.kadence-column_8d7def-22 > .kt-inside-inner-col{flex-direction:column;}.kadence-column_8d7def-22 > .kt-inside-inner-col > .aligncenter{width:100%;}.kadence-column_8d7def-22 > .kt-inside-inner-col:before{opacity:0.3;}.kadence-column_8d7def-22{position:relative;}@media all and (max-width: 1024px){.kadence-column_8d7def-22 > .kt-inside-inner-col{flex-direction:column;justify-content:center;}}@media all and (max-width: 767px){.kadence-column_8d7def-22 > .kt-inside-inner-col{flex-direction:column;justify-content:center;}}<\/style>\n<div class=\"wp-block-kadence-column inner-column-1 kadence-column_8d7def-22\"><div class=\"kt-inside-inner-col\">\n<figure class=\"wp-block-image size-large\"><img alt=\"\" loading=\"lazy\" decoding=\"async\" width=\"1024\" height=\"576\" src=\"https:\/\/tiberiosuppressa.net\/wp-content\/uploads\/2022\/08\/Capture-decran-4-1024x576.png\" alt=\"\" class=\"wp-image-294\" srcset=\"https:\/\/tiberiosuppressa.net\/wp-content\/uploads\/2022\/08\/Capture-decran-4-1024x576.png 1024w, https:\/\/tiberiosuppressa.net\/wp-content\/uploads\/2022\/08\/Capture-decran-4-300x169.png 300w, https:\/\/tiberiosuppressa.net\/wp-content\/uploads\/2022\/08\/Capture-decran-4-768x432.png 768w, https:\/\/tiberiosuppressa.net\/wp-content\/uploads\/2022\/08\/Capture-decran-4-1536x864.png 1536w, https:\/\/tiberiosuppressa.net\/wp-content\/uploads\/2022\/08\/Capture-decran-4.png 1920w\" sizes=\"auto, (max-width: 1024px) 100vw, 1024px\" \/><\/figure>\n<\/div><\/div>\n\n\n<style>.kadence-column_a0fefd-42 > .kt-inside-inner-col{border-top-width:0px;border-right-width:0px;border-bottom-width:0px;border-left-width:0px;}.kadence-column_a0fefd-42 > .kt-inside-inner-col,.kadence-column_a0fefd-42 > .kt-inside-inner-col:before{border-top-left-radius:0px;border-top-right-radius:0px;border-bottom-right-radius:0px;border-bottom-left-radius:0px;}.kadence-column_a0fefd-42 > .kt-inside-inner-col{column-gap:var(--global-kb-gap-sm, 1rem);}.kadence-column_a0fefd-42 > .kt-inside-inner-col{flex-direction:column;}.kadence-column_a0fefd-42 > .kt-inside-inner-col > .aligncenter{width:100%;}.kadence-column_a0fefd-42 > .kt-inside-inner-col:before{opacity:0.3;}.kadence-column_a0fefd-42{position:relative;}@media all and (max-width: 1024px){.kadence-column_a0fefd-42 > .kt-inside-inner-col{flex-direction:column;justify-content:center;}}@media all and (max-width: 767px){.kadence-column_a0fefd-42 > .kt-inside-inner-col{flex-direction:column;justify-content:center;}}<\/style>\n<div class=\"wp-block-kadence-column inner-column-2 kadence-column_a0fefd-42\"><div class=\"kt-inside-inner-col\"><style>.wp-block-kadence-advancedheading.kt-adv-heading_223f14-e3, .wp-block-kadence-advancedheading.kt-adv-heading_223f14-e3[data-kb-block=\"kb-adv-heading_223f14-e3\"]{font-style:normal;}.wp-block-kadence-advancedheading.kt-adv-heading_223f14-e3 mark.kt-highlight, .wp-block-kadence-advancedheading.kt-adv-heading_223f14-e3[data-kb-block=\"kb-adv-heading_223f14-e3\"] mark.kt-highlight{font-style:normal;color:#f76a0c;-webkit-box-decoration-break:clone;box-decoration-break:clone;padding-top:0px;padding-right:0px;padding-bottom:0px;padding-left:0px;}.wp-block-kadence-advancedheading.kt-adv-heading_223f14-e3 img.kb-inline-image, .wp-block-kadence-advancedheading.kt-adv-heading_223f14-e3[data-kb-block=\"kb-adv-heading_223f14-e3\"] img.kb-inline-image{width:150px;vertical-align:baseline;}<\/style>\n<h2 class=\"kt-adv-heading_223f14-e3 wp-block-kadence-advancedheading\" data-kb-block=\"kb-adv-heading_223f14-e3\">Evergreen Building<\/h2>\n\n\n\n<p>Simulation 3D<\/p>\n\n\n\n<p>Evergreen Building est un projet r\u00e9alis\u00e9 au cour du programme d\u2019\u00e9change OFFSHORE de Paul Devautour \u00e0 Shangha\u00ef. Les ateliers des \u00e9tudiants en Art sont situ\u00e9s dans un b\u00e2timent remplis de studio dont la grande majorit\u00e9 sont lou\u00e9 par des entreprises priv\u00e9es. Mettant impossible de rentrer librement dans ces studios car la plus part des portes \u00e9tait ferm\u00e9es, cette simulation in situ permet d\u2019ouvrir certaines portes et d\u2019extrapoler en cr\u00e9ant des mondes fantastiques \u00e0 l&#8217;int\u00e9rieur. V\u00e9ritable point relais de d\u2019univers parall\u00e8le.<\/p>\n\n\n\n<p>La simulation \u00e9tait dispos\u00e9 \u00e0 l\u2019int\u00e9rieur du b\u00e2timent et le joueur commen\u00e7ait au m\u00eame endroit que l\u2019emplacement de l\u2019ordinateur.<\/p>\n\n\n\n<p><\/p>\n<\/div><\/div>\n<\/div><\/div><\/div>\n","protected":false},"excerpt":{"rendered":"<p>Evergreen Building Simulation 3D Evergreen Building est un projet r\u00e9alis\u00e9 au cour du programme d\u2019\u00e9change OFFSHORE de Paul Devautour \u00e0 Shangha\u00ef. Les ateliers des \u00e9tudiants en Art sont situ\u00e9s dans un b\u00e2timent remplis de studio dont la grande majorit\u00e9 sont lou\u00e9 par des entreprises priv\u00e9es. Mettant impossible de rentrer librement dans ces studios car la&#8230;<\/p>\n","protected":false},"author":1,"featured_media":0,"parent":0,"menu_order":0,"comment_status":"closed","ping_status":"closed","template":"","meta":{"_seopress_robots_primary_cat":"","_seopress_titles_title":"","_seopress_titles_desc":"","_seopress_robots_index":"","_kad_post_transparent":"","_kad_post_title":"","_kad_post_layout":"","_kad_post_sidebar_id":"","_kad_post_content_style":"","_kad_post_vertical_padding":"","_kad_post_feature":"","_kad_post_feature_position":"","_kad_post_header":false,"_kad_post_footer":false,"_kad_post_classname":"","footnotes":""},"class_list":["post-291","page","type-page","status-publish","hentry"],"_links":{"self":[{"href":"https:\/\/tiberiosuppressa.net\/index.php\/wp-json\/wp\/v2\/pages\/291","targetHints":{"allow":["GET"]}}],"collection":[{"href":"https:\/\/tiberiosuppressa.net\/index.php\/wp-json\/wp\/v2\/pages"}],"about":[{"href":"https:\/\/tiberiosuppressa.net\/index.php\/wp-json\/wp\/v2\/types\/page"}],"author":[{"embeddable":true,"href":"https:\/\/tiberiosuppressa.net\/index.php\/wp-json\/wp\/v2\/users\/1"}],"replies":[{"embeddable":true,"href":"https:\/\/tiberiosuppressa.net\/index.php\/wp-json\/wp\/v2\/comments?post=291"}],"version-history":[{"count":4,"href":"https:\/\/tiberiosuppressa.net\/index.php\/wp-json\/wp\/v2\/pages\/291\/revisions"}],"predecessor-version":[{"id":298,"href":"https:\/\/tiberiosuppressa.net\/index.php\/wp-json\/wp\/v2\/pages\/291\/revisions\/298"}],"wp:attachment":[{"href":"https:\/\/tiberiosuppressa.net\/index.php\/wp-json\/wp\/v2\/media?parent=291"}],"curies":[{"name":"wp","href":"https:\/\/api.w.org\/{rel}","templated":true}]}}